{"id":11387,"date":"2024-10-16T11:32:12","date_gmt":"2024-10-16T11:32:12","guid":{"rendered":"https:\/\/www.stolicezaugostiteljstvo.hr\/datenschutzrichtlinie-datenschutzerklaerung\/"},"modified":"2026-03-12T12:08:46","modified_gmt":"2026-03-12T12:08:46","slug":"datenschutzrichtlinie-datenschutzerklaerung","status":"publish","type":"page","link":"https:\/\/www.stolicezaugostiteljstvo.hr\/de\/datenschutzrichtlinie-datenschutzerklaerung\/","title":{"rendered":"Datenschutzrichtlinie \u2013 Datenschutzerkl\u00e4rung"},"content":{"rendered":"\t\t<div data-elementor-type=\"wp-page\" data-elementor-id=\"11387\" class=\"elementor elementor-11387 elementor-716\" data-elementor-post-type=\"page\">\n\t\t\t\t<div class=\"elementor-element elementor-element-836f632 e-flex e-con-boxed e-con e-parent\" data-id=\"836f632\" data-element_type=\"container\">\n\t\t\t\t\t<div class=\"e-con-inner\">\n\t\t\t\t<div class=\"elementor-element elementor-element-2c9fbb1 elementor-widget elementor-widget-heading\" data-id=\"2c9fbb1\" data-element_type=\"widget\" data-widget_type=\"heading.default\">\n\t\t\t\t<div class=\"elementor-widget-container\">\n\t\t\t\t\t<h2 class=\"elementor-heading-title elementor-size-default\">1. Allgemeine Informationen<\/h2>\t\t\t\t<\/div>\n\t\t\t\t<\/div>\n\t\t\t\t<div class=\"elementor-element elementor-element-e152784 elementor-widget elementor-widget-text-editor\" data-id=\"e152784\" data-element_type=\"widget\" data-widget_type=\"text-editor.default\">\n\t\t\t\t<div class=\"elementor-widget-container\">\n\t\t\t\t\t\t\t\t\t<p>Diese Datenschutzerkl\u00e4rung gilt f\u00fcr die Website <a href=\"http:\/\/www.stolicezaugostiteljstvo.hr\/de\/\">www.stolicezaugostiteljstvo.hr<\/a>, die von folgender Organisation verwaltet wird:<\/p><p>Tapetarstvo Krnjak j.d.o.o.<\/p><p dir=\"auto\">Hauptsitz: Novo Selo Rok, Rade Kon\u010dara 76<\/p><p dir=\"auto\">OIB: 72827750159<\/p><p dir=\"auto\">E-mail: <a href=\"mailto:info@stolicezaugostiteljstvo.hr\">info@stolicezaugostiteljstvo.hr<\/a><\/p><p dir=\"auto\">Telefon: 0923603014<\/p><p>Durch die Nutzung dieser Website best\u00e4tigt der Nutzer, dass er diese Erkl\u00e4rung zur Kenntnis genommen hat und der Verarbeitung seiner personenbezogenen Daten gem\u00e4\u00df den darin enthaltenen Bedingungen zustimmt.<\/p>\t\t\t\t\t\t\t\t<\/div>\n\t\t\t\t<\/div>\n\t\t\t\t<div class=\"elementor-element elementor-element-38869ab elementor-widget elementor-widget-heading\" data-id=\"38869ab\" data-element_type=\"widget\" data-widget_type=\"heading.default\">\n\t\t\t\t<div class=\"elementor-widget-container\">\n\t\t\t\t\t<h2 class=\"elementor-heading-title elementor-size-default\">2. Datenerfassung und -verarbeitung<\/h2>\t\t\t\t<\/div>\n\t\t\t\t<\/div>\n\t\t\t\t<div class=\"elementor-element elementor-element-8f0416d elementor-widget elementor-widget-text-editor\" data-id=\"8f0416d\" data-element_type=\"widget\" data-widget_type=\"text-editor.default\">\n\t\t\t\t<div class=\"elementor-widget-container\">\n\t\t\t\t\t\t\t\t\t<p>Wir erheben nur die Daten, die wir f\u00fcr die Gesch\u00e4ftskommunikation und die Erbringung unserer Dienstleistungen ben\u00f6tigen, darunter:<\/p><ul><li><p>Name und Nachname der Kontaktperson<\/p><\/li><li><p>Name der Firma<\/p><\/li><li><p>E-Mail-Adresse<\/p><\/li><li><p>Telefonnummer<\/p><\/li><li><p>Lieferadresse (falls zutreffend)<\/p><\/li><li><p>Weitere Informationen, die der Nutzer freiwillig \u00fcber das Kontaktformular, per E-Mail oder telefonisch \u00fcbermittelt.<\/p><\/li><\/ul><p>Daten werden nur dann erhoben, wenn der Nutzer sie freiwillig zur Verf\u00fcgung stellt \u2013 \u00fcber ein Kontaktformular, eine direkte Anfrage oder im Rahmen einer gesch\u00e4ftlichen Zusammenarbeit.<\/p>\t\t\t\t\t\t\t\t<\/div>\n\t\t\t\t<\/div>\n\t\t\t\t<div class=\"elementor-element elementor-element-3571b1b elementor-widget elementor-widget-heading\" data-id=\"3571b1b\" data-element_type=\"widget\" data-widget_type=\"heading.default\">\n\t\t\t\t<div class=\"elementor-widget-container\">\n\t\t\t\t\t<h2 class=\"elementor-heading-title elementor-size-default\">3. Zweck der Verarbeitung<\/h2>\t\t\t\t<\/div>\n\t\t\t\t<\/div>\n\t\t\t\t<div class=\"elementor-element elementor-element-0ae5447 elementor-widget elementor-widget-text-editor\" data-id=\"0ae5447\" data-element_type=\"widget\" data-widget_type=\"text-editor.default\">\n\t\t\t\t<div class=\"elementor-widget-container\">\n\t\t\t\t\t\t\t\t\t<p>Wir verarbeiten Daten ausschlie\u00dflich zu folgenden Zwecken:<\/p><ul><li><p>Beantwortung von Nutzeranfragen<\/p><\/li><li><p>Erstellung von Angeboten und Kostenvoranschl\u00e4gen<\/p><\/li><li><p>Lieferungen bestellter Waren<\/p><\/li><li><p dir=\"auto\">Erf\u00fcllung rechtlicher Verpflichtungen <\/p><\/li><li><p>Interne Analyse und Verbesserung der Benutzererfahrung<\/p><\/li><\/ul>\t\t\t\t\t\t\t\t<\/div>\n\t\t\t\t<\/div>\n\t\t\t\t<div class=\"elementor-element elementor-element-5a501b2 elementor-widget elementor-widget-heading\" data-id=\"5a501b2\" data-element_type=\"widget\" data-widget_type=\"heading.default\">\n\t\t\t\t<div class=\"elementor-widget-container\">\n\t\t\t\t\t<h2 class=\"elementor-heading-title elementor-size-default\">4. Datenspeicherung<\/h2>\t\t\t\t<\/div>\n\t\t\t\t<\/div>\n\t\t\t\t<div class=\"elementor-element elementor-element-3771994 elementor-widget elementor-widget-text-editor\" data-id=\"3771994\" data-element_type=\"widget\" data-widget_type=\"text-editor.default\">\n\t\t\t\t<div class=\"elementor-widget-container\">\n\t\t\t\t\t\t\t\t\t<p>Alle Daten werden sicher gespeichert und ausschlie\u00dflich f\u00fcr die angegebenen Zwecke verwendet. Wir geben Daten nicht an Dritte weiter, es sei denn, dies ist gesetzlich vorgeschrieben oder zur Erf\u00fcllung einer vertraglichen Verpflichtung erforderlich. <\/p>\t\t\t\t\t\t\t\t<\/div>\n\t\t\t\t<\/div>\n\t\t\t\t<div class=\"elementor-element elementor-element-8cc1449 elementor-widget elementor-widget-heading\" data-id=\"8cc1449\" data-element_type=\"widget\" data-widget_type=\"heading.default\">\n\t\t\t\t<div class=\"elementor-widget-container\">\n\t\t\t\t\t<h2 class=\"elementor-heading-title elementor-size-default\">5. Cookies<\/h2>\t\t\t\t<\/div>\n\t\t\t\t<\/div>\n\t\t\t\t<div class=\"elementor-element elementor-element-81b3bc8 elementor-widget elementor-widget-text-editor\" data-id=\"81b3bc8\" data-element_type=\"widget\" data-widget_type=\"text-editor.default\">\n\t\t\t\t<div class=\"elementor-widget-container\">\n\t\t\t\t\t\t\t\t\t<p>Diese Website verwendet m\u00f6glicherweise Cookies, um die grundlegenden Funktionen der Website zu gew\u00e4hrleisten und die Benutzerfreundlichkeit zu verbessern. Durch die Nutzung der Website erkl\u00e4ren Sie sich mit der Verwendung von Cookies einverstanden. Sie k\u00f6nnen die Verwendung von Cookies jederzeit \u00fcber Ihre Browsereinstellungen einschr\u00e4nken oder deaktivieren.  <\/p>\t\t\t\t\t\t\t\t<\/div>\n\t\t\t\t<\/div>\n\t\t\t\t<div class=\"elementor-element elementor-element-4522260 elementor-widget elementor-widget-heading\" data-id=\"4522260\" data-element_type=\"widget\" data-widget_type=\"heading.default\">\n\t\t\t\t<div class=\"elementor-widget-container\">\n\t\t\t\t\t<h2 class=\"elementor-heading-title elementor-size-default\">6. Nutzerrechte<\/h2>\t\t\t\t<\/div>\n\t\t\t\t<\/div>\n\t\t\t\t<div class=\"elementor-element elementor-element-548e9db elementor-widget elementor-widget-text-editor\" data-id=\"548e9db\" data-element_type=\"widget\" data-widget_type=\"text-editor.default\">\n\t\t\t\t<div class=\"elementor-widget-container\">\n\t\t\t\t\t\t\t\t\t<p>Der Nutzer hat jederzeit das Recht dazu:<\/p><ul><li><p>Fordern Sie Zugriff auf Ihre personenbezogenen Daten an<\/p><\/li><li><p>Korrigieren Sie falsche Daten<\/p><\/li><li><p>Weiterverarbeitung einschr\u00e4nken oder verweigern<\/p><\/li><li><p>Antrag auf L\u00f6schung personenbezogener Daten (sofern keine gesetzliche Aufbewahrungspflicht besteht)<\/p><\/li><\/ul><p dir=\"auto\">Zur Aus\u00fcbung ihrer Rechte k\u00f6nnen sich Nutzer per E-Mail an uns wenden: <a href=\"mailto:info@stolicezaugostiteljstvo.hr\">info@stolicezaugostiteljstvo.hr<\/a><\/p>\t\t\t\t\t\t\t\t<\/div>\n\t\t\t\t<\/div>\n\t\t\t\t<div class=\"elementor-element elementor-element-d8a721a elementor-widget elementor-widget-heading\" data-id=\"d8a721a\" data-element_type=\"widget\" data-widget_type=\"heading.default\">\n\t\t\t\t<div class=\"elementor-widget-container\">\n\t\t\t\t\t<h2 class=\"elementor-heading-title elementor-size-default\">7. Sicherheit<\/h2>\t\t\t\t<\/div>\n\t\t\t\t<\/div>\n\t\t\t\t<div class=\"elementor-element elementor-element-087e124 elementor-widget elementor-widget-text-editor\" data-id=\"087e124\" data-element_type=\"widget\" data-widget_type=\"text-editor.default\">\n\t\t\t\t<div class=\"elementor-widget-container\">\n\t\t\t\t\t\t\t\t\t<p>Wir treffen alle geeigneten technischen und organisatorischen Ma\u00dfnahmen, um personenbezogene Daten vor unberechtigtem Zugriff, Offenlegung, Verlust oder Missbrauch zu sch\u00fctzen.<\/p>\t\t\t\t\t\t\t\t<\/div>\n\t\t\t\t<\/div>\n\t\t\t\t<div class=\"elementor-element elementor-element-b332d13 elementor-widget elementor-widget-heading\" data-id=\"b332d13\" data-element_type=\"widget\" data-widget_type=\"heading.default\">\n\t\t\t\t<div class=\"elementor-widget-container\">\n\t\t\t\t\t<h2 class=\"elementor-heading-title elementor-size-default\">8. \u00c4nderungen der Datenschutzrichtlinie<\/h2>\t\t\t\t<\/div>\n\t\t\t\t<\/div>\n\t\t\t\t<div class=\"elementor-element elementor-element-3db2605 elementor-widget elementor-widget-text-editor\" data-id=\"3db2605\" data-element_type=\"widget\" data-widget_type=\"text-editor.default\">\n\t\t\t\t<div class=\"elementor-widget-container\">\n\t\t\t\t\t\t\t\t\t<p>Wir behalten uns das Recht vor, diese Datenschutzrichtlinie zu \u00e4ndern. Alle \u00c4nderungen werden auf dieser Seite ver\u00f6ffentlicht und treten mit dem Datum der Ver\u00f6ffentlichung in Kraft. <\/p>\t\t\t\t\t\t\t\t<\/div>\n\t\t\t\t<\/div>\n\t\t\t\t\t<\/div>\n\t\t\t\t<\/div>\n\t\t\t\t<\/div>\n\t\t","protected":false},"excerpt":{"rendered":"<p>1. Allgemeine Informationen Diese Datenschutzerkl\u00e4rung gilt f\u00fcr die Website www.stolicezaugostiteljstvo.hr, die von folgender Organisation verwaltet wird: Tapetarstvo Krnjak j.d.o.o. Hauptsitz: Novo Selo Rok, Rade Kon\u010dara 76 OIB: 72827750159 E-mail: info@stolicezaugostiteljstvo.hr Telefon: 0923603014 Durch die Nutzung dieser Website best\u00e4tigt der Nutzer, dass er diese Erkl\u00e4rung zur Kenntnis genommen hat und der Verarbeitung seiner personenbezogenen Daten gem\u00e4\u00df [&hellip;]<\/p>\n","protected":false},"author":1,"featured_media":0,"parent":0,"menu_order":0,"comment_status":"closed","ping_status":"closed","template":"","meta":{"footnotes":""},"class_list":["post-11387","page","type-page","status-publish","hentry"],"blocksy_meta":{"has_hero_section":"enabled","hero_section":"type-2","hero_elements":[{"id":"custom_title","enabled":true,"heading_tag":"h1","title":"Po\u010detna stranica","__id":"LgasWXNJc19bfx_M7R3MP"},{"id":"custom_description","enabled":false,"description_visibility":{"desktop":true,"tablet":true,"mobile":false},"__id":"M5IP6PQldqatkFO0OY0_B"},{"id":"custom_meta","enabled":false,"meta_elements":[{"id":"author","enabled":true,"label":"Od","has_author_avatar":"yes","avatar_size":25},{"id":"post_date","enabled":true,"label":"Uklju\u010deno","date_format_source":"default","date_format":"M j, Y"},{"id":"updated_date","enabled":false,"label":"Uklju\u010deno","date_format_source":"default","date_format":"M j, Y"},{"id":"categories","enabled":false,"label":"u","style":"simple"},{"id":"comments","enabled":true}],"page_meta_elements":{"joined":true,"articles_count":true,"comments":true},"__id":"rXcfNDBrtMAixFdgqKs3Y"},{"id":"breadcrumbs","enabled":false,"__id":"cV9lZLJTJbL65mgwdzNwl"},{"id":"content-block","enabled":false,"__id":"c0d6SDO9XhEFXLj4yIHEM"}],"pageTitleFont":{"family":"Default","variation":"Default","size":{"desktop":"60px","tablet":"45px","mobile":"35px","__changed":["tablet","mobile"]},"line-height":"CT_CSS_SKIP_RULE","letter-spacing":"CT_CSS_SKIP_RULE","text-transform":"CT_CSS_SKIP_RULE","text-decoration":"CT_CSS_SKIP_RULE"},"pageTitleBackground":{"background_type":"color","background_pattern":"type-1","background_image":{"attachment_id":null,"x":0,"y":0},"gradient":"linear-gradient(135deg,rgba(6,147,227,1) 0%,rgb(155,81,224) 100%)","background_repeat":"repeat","background_size":"auto","background_attachment":"scroll","patternColor":{"default":{"color":"#e5e7ea"}},"overlayColor":{"default":{"color":"CT_CSS_SKIP_RULE"}},"backgroundColor":{"default":{"color":"#EEEEEE"}}},"styles_descriptor":{"styles":{"desktop":"[data-prefix=\"single_page\"] .entry-header .page-title {--theme-font-size:60px;} [data-prefix=\"single_page\"] .entry-header .entry-meta {--theme-font-weight:600;--theme-text-transform:uppercase;--theme-font-size:12px;--theme-line-height:1.3;} [data-prefix=\"single_page\"] .hero-section[data-type=\"type-2\"] {background-color:#EEEEEE;background-image:none;--container-padding:50px 0px;}","tablet":"[data-prefix=\"single_page\"] .entry-header .page-title {--theme-font-size:45px;}","mobile":"[data-prefix=\"single_page\"] .entry-header .page-title {--theme-font-size:35px;}"},"google_fonts":[],"version":6}},"_links":{"self":[{"href":"https:\/\/www.stolicezaugostiteljstvo.hr\/de\/wp-json\/wp\/v2\/pages\/11387","targetHints":{"allow":["GET"]}}],"collection":[{"href":"https:\/\/www.stolicezaugostiteljstvo.hr\/de\/wp-json\/wp\/v2\/pages"}],"about":[{"href":"https:\/\/www.stolicezaugostiteljstvo.hr\/de\/wp-json\/wp\/v2\/types\/page"}],"author":[{"embeddable":true,"href":"https:\/\/www.stolicezaugostiteljstvo.hr\/de\/wp-json\/wp\/v2\/users\/1"}],"replies":[{"embeddable":true,"href":"https:\/\/www.stolicezaugostiteljstvo.hr\/de\/wp-json\/wp\/v2\/comments?post=11387"}],"version-history":[{"count":1,"href":"https:\/\/www.stolicezaugostiteljstvo.hr\/de\/wp-json\/wp\/v2\/pages\/11387\/revisions"}],"predecessor-version":[{"id":11388,"href":"https:\/\/www.stolicezaugostiteljstvo.hr\/de\/wp-json\/wp\/v2\/pages\/11387\/revisions\/11388"}],"wp:attachment":[{"href":"https:\/\/www.stolicezaugostiteljstvo.hr\/de\/wp-json\/wp\/v2\/media?parent=11387"}],"curies":[{"name":"wp","href":"https:\/\/api.w.org\/{rel}","templated":true}]}}