{"id":22623,"date":"2025-08-01T16:46:08","date_gmt":"2025-08-01T16:46:08","guid":{"rendered":"https:\/\/www.stolicezaugostiteljstvo.hr\/proizvod\/dreisitzer-august\/"},"modified":"2026-04-09T05:19:21","modified_gmt":"2026-04-09T05:19:21","slug":"dreisitzer-august","status":"publish","type":"product","link":"https:\/\/www.stolicezaugostiteljstvo.hr\/de\/produkt\/dreisitzer-august\/","title":{"rendered":"Dreisitzer August"},"content":{"rendered":"","protected":false},"excerpt":{"rendered":"<div id=\"productOverview_feature_div\" class=\"celwidget\" data-feature-name=\"productOverview\" data-csa-c-type=\"widget\" data-csa-c-content-id=\"productOverview\" data-csa-c-slot-id=\"productOverview_feature_div\" data-csa-c-asin=\"B0F47Q4S31\" data-csa-c-is-in-initial-active-row=\"false\" data-csa-c-id=\"oz6det-lbfi1n-aj1wmg-x8brjx\" data-cel-widget=\"productOverview_feature_div\">\n<div class=\"a-section a-spacing-small a-spacing-top-small\">\n<table class=\"a-normal a-spacing-micro\" role=\"list\" width=\"358\">\n<tbody>\n<tr class=\"a-spacing-small po-brand\" role=\"listitem\">\n<span class=\"a-size-base a-text-bold\"><strong><\/p>\n<td class=\"a-span3\" role=\"presentation\">Marke<\/td>\n<p><\/strong><\/span><\/p>\n<td class=\"a-span9\" role=\"presentation\">SANCREA by Polythrona<\/td>\n<\/tr>\n<tr class=\"a-spacing-small po-color\" role=\"listitem\">\n<td class=\"a-span3\" role=\"presentation\"><strong>Farbe und Stoff<\/strong><\/td>\n<td class=\"a-span9\" role=\"presentation\">Nach Wahl des Kunden<\/td>\n<\/tr>\n<tr class=\"a-spacing-small po-material\" role=\"listitem\">\n<td class=\"a-span3\" role=\"presentation\"><strong>Konstruktion<\/strong><\/td>\n<td class=\"a-span9\" role=\"presentation\">Aluminium<\/td>\n<\/tr>\n<tr class=\"a-spacing-small po-item_depth_width_height\" role=\"listitem\">\n&nbsp;<\/p>\n<td class=\"a-span3\" role=\"presentation\"><strong>Produktabmessungen<\/strong> (cm)<\/td>\n<p>&nbsp;<\/p>\n<td class=\"a-span9\" role=\"presentation\">H\u00f6he: 86<br \/>\nTiefe: 86<br \/>\nBreite: 204<br \/>\nSitzh\u00f6he: 43<\/td>\n<\/tr>\n<tr class=\"a-spacing-small po-size\" role=\"listitem\">\n<td class=\"a-span3\" role=\"presentation\"><strong>Flammenbest\u00e4ndiges Material<\/strong><\/p>\n<p><strong>Wasserfestes Material<\/strong><\/td>\n<td class=\"a-span9\" role=\"presentation\"><img decoding=\"async\" class=\"alignleft\" src=\"https:\/\/www.textum-stoffe.com\/img\/treatment\/treatment-logo\/water-repellent.svg\" alt=\"treatment-logo\" width=\"41\" height=\"41\"><img decoding=\"async\" class=\"alignleft\" src=\"https:\/\/www.textum-stoffe.com\/img\/treatment\/treatment-logo\/fire-retardant.svg\" alt=\"treatment-logo\" width=\"41\" height=\"41\"><\/td>\n<\/tr>\n<\/tbody>\n<\/table>\n<\/div>\n<\/div>\n<div id=\"featurebullets_feature_div\" class=\"celwidget\" data-feature-name=\"featurebullets\" data-csa-c-type=\"widget\" data-csa-c-content-id=\"featurebullets\" data-csa-c-slot-id=\"featurebullets_feature_div\" data-csa-c-asin=\"B0F47Q4S31\" data-csa-c-is-in-initial-active-row=\"false\" data-csa-c-id=\"k2dw3u-xmngcu-cox7t2-xeeu1z\" data-cel-widget=\"featurebullets_feature_div\">\n<div id=\"feature-bullets\" class=\"a-section a-spacing-medium a-spacing-top-small\">\n<hr class=\"a-divider-normal\" aria-hidden=\"true\">\n<h2 class=\"a-size-base-plus a-text-bold\">Weitere Informationen zum Produkt<\/h2>\n<div id=\"featurebullets_feature_div\" class=\"celwidget\" data-feature-name=\"featurebullets\" data-csa-c-type=\"widget\" data-csa-c-content-id=\"featurebullets\" data-csa-c-slot-id=\"featurebullets_feature_div\" data-csa-c-asin=\"B0CKTG66BG\" data-csa-c-is-in-initial-active-row=\"false\" data-csa-c-id=\"qnejb1-hlduo4-sttocw-8yod8u\" data-cel-widget=\"featurebullets_feature_div\">\n<div id=\"feature-bullets\" class=\"a-section a-spacing-medium a-spacing-top-small\"><\/div>\n<\/div>\n<div id=\"productDetailsVoyagerAccordion_feature_div\" class=\"celwidget\" data-feature-name=\"productDetailsVoyagerAccordion\" data-csa-c-type=\"widget\" data-csa-c-content-id=\"productDetailsVoyagerAccordion\" data-csa-c-slot-id=\"productDetailsVoyagerAccordion_feature_div\" data-csa-c-asin=\"B0CKTG66BG\" data-csa-c-is-in-initial-active-row=\"false\" data-csa-c-id=\"zhuphs-yp0lh6-pqi62r-70ylbn\" data-cel-widget=\"productDetailsVoyagerAccordion_feature_div\">\n<p>Verleihen Sie Ihrem Raum Prestige und Komfort mit unseren Premium-Outdoor-Dreisitzern aus Massivholz und Aluminium \u2013 ideal f\u00fcr Restaurants, Caf\u00e9s, Bars und Hotels, die auf langlebige Qualit\u00e4t und ein anspruchsvolles Design setzen.<\/p>\n<p>Jeder Dreisitzer wird sorgf\u00e4ltig gefertigt. Die verwendeten Materialien sind f\u00fcr ihre Widerstandsf\u00e4higkeit gegen Abnutzung und ihre Langlebigkeit bekannt \u2013 selbst unter intensiver t\u00e4glicher Nutzung. Entwickelt f\u00fcr den langfristigen Einsatz in der Gastronomie, mit robuster Konstruktion und zus\u00e4tzlichen Verst\u00e4rkungen.  <\/p>\n<ul>\n<li><strong>Anpassung an Ihre Marke<\/strong> \u2013 M\u00f6glichkeit zur Auswahl zwischen verschiedenen Oberfl\u00e4chenbehandlungen und unterschiedlichen Sitzvarianten sowie die Wahl der Materialfarbe.<\/li>\n<li><strong>Komfort und Ergonomie<\/strong> \u2013 Geformte Sitzfl\u00e4chen und R\u00fcckenlehnen f\u00fcr maximalen Komfort Ihrer G\u00e4ste auch bei l\u00e4ngerem Aufenthalt.<\/li>\n<li><strong>H\u00f6here Wirtschaftlichkeit<\/strong> \u2013 Dreisitzer, die sich langfristig auszahlen \u2013 widerstandsf\u00e4hig, pflegeleicht und optisch ansprechend.<\/li>\n<\/ul>\n<\/div>\n<\/div>\n<\/div>\n","protected":false},"featured_media":20805,"template":"","meta":[],"product_brand":[],"product_cat":[556,563,561,499,456,454],"product_tag":[],"class_list":{"0":"post-22623","1":"product","2":"type-product","3":"status-publish","4":"has-post-thumbnail","6":"product_cat-outdoor","7":"product_cat-outdoor-dreisitzer","8":"product_cat-outdoor-tische","10":"product_cat-stolovi-outdoor","11":"product_cat-trosjedi-outdoor","13":"first","14":"instock","15":"shipping-taxable","16":"purchasable","17":"product-type-simple"},"_links":{"self":[{"href":"https:\/\/www.stolicezaugostiteljstvo.hr\/de\/wp-json\/wp\/v2\/product\/22623","targetHints":{"allow":["GET"]}}],"collection":[{"href":"https:\/\/www.stolicezaugostiteljstvo.hr\/de\/wp-json\/wp\/v2\/product"}],"about":[{"href":"https:\/\/www.stolicezaugostiteljstvo.hr\/de\/wp-json\/wp\/v2\/types\/product"}],"wp:featuredmedia":[{"embeddable":true,"href":"https:\/\/www.stolicezaugostiteljstvo.hr\/de\/wp-json\/wp\/v2\/media\/20805"}],"wp:attachment":[{"href":"https:\/\/www.stolicezaugostiteljstvo.hr\/de\/wp-json\/wp\/v2\/media?parent=22623"}],"wp:term":[{"taxonomy":"product_brand","embeddable":true,"href":"https:\/\/www.stolicezaugostiteljstvo.hr\/de\/wp-json\/wp\/v2\/product_brand?post=22623"},{"taxonomy":"product_cat","embeddable":true,"href":"https:\/\/www.stolicezaugostiteljstvo.hr\/de\/wp-json\/wp\/v2\/product_cat?post=22623"},{"taxonomy":"product_tag","embeddable":true,"href":"https:\/\/www.stolicezaugostiteljstvo.hr\/de\/wp-json\/wp\/v2\/product_tag?post=22623"}],"curies":[{"name":"wp","href":"https:\/\/api.w.org\/{rel}","templated":true}]}}