{"id":22634,"date":"2025-07-23T14:56:16","date_gmt":"2025-07-23T14:56:16","guid":{"rendered":"https:\/\/www.stolicezaugostiteljstvo.hr\/proizvod\/stuhl-dream\/"},"modified":"2026-04-09T05:19:56","modified_gmt":"2026-04-09T05:19:56","slug":"stuhl-dream","status":"publish","type":"product","link":"https:\/\/www.stolicezaugostiteljstvo.hr\/de\/produkt\/stuhl-dream\/","title":{"rendered":"Stuhl Dream"},"content":{"rendered":"","protected":false},"excerpt":{"rendered":"<div id=\"productOverview_feature_div\" class=\"celwidget\" data-feature-name=\"productOverview\" data-csa-c-type=\"widget\" data-csa-c-content-id=\"productOverview\" data-csa-c-slot-id=\"productOverview_feature_div\" data-csa-c-asin=\"B0F47Q4S31\" data-csa-c-is-in-initial-active-row=\"false\" data-csa-c-id=\"oz6det-lbfi1n-aj1wmg-x8brjx\" data-cel-widget=\"productOverview_feature_div\">\n<div class=\"a-section a-spacing-small a-spacing-top-small\">\n<table class=\"a-normal a-spacing-micro\" role=\"list\" width=\"358\">\n<tbody>\n<tr class=\"a-spacing-small po-brand\" role=\"listitem\">\n<span class=\"a-size-base a-text-bold\"><strong><\/p>\n<td class=\"a-span3\" role=\"presentation\">Marke<\/td>\n<p><\/strong><\/span><\/p>\n<td class=\"a-span9\" role=\"presentation\">SANCREA by Polythrona<\/td>\n<\/tr>\n<tr class=\"a-spacing-small po-color\" role=\"listitem\">\n<td class=\"a-span3\" role=\"presentation\"><strong>Farbe und Stoff<\/strong><\/td>\n<td class=\"a-span9\" role=\"presentation\">Nach Wahl des Kunden<\/td>\n<\/tr>\n<tr class=\"a-spacing-small po-material\" role=\"listitem\">\n<td class=\"a-span3\" role=\"presentation\"><strong>Konstruktion<\/strong><\/td>\n<td class=\"a-span9\" role=\"presentation\">Metall<\/td>\n<\/tr>\n<tr class=\"a-spacing-small po-item_depth_width_height\" role=\"listitem\">\n<td class=\"a-span3\" role=\"presentation\"><strong>Produktabmessungen <\/strong>(cm)<\/td>\n<td class=\"a-span9\" role=\"presentation\">H\u00f6he: 88<br \/>\nTiefe: 57<br \/>\nBreite: 53<br \/>\nSitzh\u00f6he: 47<\/td>\n<\/tr>\n<tr class=\"a-spacing-small po-size\" role=\"listitem\">\n<td class=\"a-span3\" role=\"presentation\"><strong>Flammenbest\u00e4ndiges Material<\/strong><\/p>\n<p><strong>Wasserfestes Material<\/strong><\/td>\n<td class=\"a-span9\" role=\"presentation\"><img decoding=\"async\" class=\"alignleft\" src=\"https:\/\/www.textum-stoffe.com\/img\/treatment\/treatment-logo\/water-repellent.svg\" alt=\"treatment-logo\" width=\"41\" height=\"41\"><img decoding=\"async\" class=\"alignleft\" src=\"https:\/\/www.textum-stoffe.com\/img\/treatment\/treatment-logo\/fire-retardant.svg\" alt=\"treatment-logo\" width=\"41\" height=\"41\"><\/td>\n<\/tr>\n<\/tbody>\n<\/table>\n<\/div>\n<\/div>\n<div id=\"featurebullets_feature_div\" class=\"celwidget\" data-feature-name=\"featurebullets\" data-csa-c-type=\"widget\" data-csa-c-content-id=\"featurebullets\" data-csa-c-slot-id=\"featurebullets_feature_div\" data-csa-c-asin=\"B0F47Q4S31\" data-csa-c-is-in-initial-active-row=\"false\" data-csa-c-id=\"k2dw3u-xmngcu-cox7t2-xeeu1z\" data-cel-widget=\"featurebullets_feature_div\">\n<div id=\"feature-bullets\" class=\"a-section a-spacing-medium a-spacing-top-small\">\n<hr class=\"a-divider-normal\" aria-hidden=\"true\">\n<h2 class=\"a-size-base-plus a-text-bold\">Weitere Informationen zum Produkt<\/h2>\n<div id=\"featurebullets_feature_div\" class=\"celwidget\" data-feature-name=\"featurebullets\" data-csa-c-type=\"widget\" data-csa-c-content-id=\"featurebullets\" data-csa-c-slot-id=\"featurebullets_feature_div\" data-csa-c-asin=\"B0CKTG66BG\" data-csa-c-is-in-initial-active-row=\"false\" data-csa-c-id=\"qnejb1-hlduo4-sttocw-8yod8u\" data-cel-widget=\"featurebullets_feature_div\">\n<div id=\"feature-bullets\" class=\"a-section a-spacing-medium a-spacing-top-small\"><\/div>\n<\/div>\n<div id=\"productDetailsVoyagerAccordion_feature_div\" class=\"celwidget\" data-feature-name=\"productDetailsVoyagerAccordion\" data-csa-c-type=\"widget\" data-csa-c-content-id=\"productDetailsVoyagerAccordion\" data-csa-c-slot-id=\"productDetailsVoyagerAccordion_feature_div\" data-csa-c-asin=\"B0CKTG66BG\" data-csa-c-is-in-initial-active-row=\"false\" data-csa-c-id=\"zhuphs-yp0lh6-pqi62r-70ylbn\" data-cel-widget=\"productDetailsVoyagerAccordion_feature_div\">\n<p>Unsere Metallst\u00fchle sind die ideale Wahl f\u00fcr alle Arten von Gastronomiebetrieben, die auf Widerstandsf\u00e4higkeit, einfache Pflege und ein modernes Erscheinungsbild setzen. Sie verbinden industrielle \u00c4sthetik mit Komfort und Funktionalit\u00e4t \u2013 perfekt f\u00fcr Restaurants, Caf\u00e9s, Terrassen, Lounge-Bars und Eventbereiche. <\/p>\n<ul>\n<li> Robuste Konstruktion \u2013 Hergestellt aus hochwertigem Stahl oder Aluminium, widerstandsf\u00e4hig gegen St\u00f6\u00dfe, Feuchtigkeit und Abnutzung.<\/li>\n<li> F\u00fcr den Innen- und Au\u00dfenbereich geeignet \u2013 Spezielle Korrosionsschutzbehandlungen (Pulverbeschichtung, Galvanisierung) machen sie auch f\u00fcr den Au\u00dfenbereich geeignet.<\/li>\n<li> Modernes und funktionales Design \u2013 Erh\u00e4ltlich in verschiedenen Farben und Oberfl\u00e4chen (matt, gl\u00e4nzend, Industrial-Look).<\/li>\n<li> Bequeme Sitzfl\u00e4chen \u2013 Optional gepolsterter Sitz oder Holz-\/Metallauflage, Anpassung nach Kundenwunsch m\u00f6glich.<\/li>\n<\/ul>\n<p>Keine Kompromisse zwischen \u00c4sthetik und Widerstandsf\u00e4higkeit \u2013 unsere Metallst\u00fchle bieten langfristigen Wert und einen Stil, der sich in jedes Gastronomiekonzept einf\u00fcgt.<\/p>\n<\/div>\n<\/div>\n<\/div>\n","protected":false},"featured_media":19263,"template":"","meta":[],"product_brand":[],"product_cat":[552,498,18,533],"product_tag":[],"class_list":{"0":"post-22634","1":"product","2":"type-product","3":"status-publish","4":"has-post-thumbnail","6":"product_cat-indoor","8":"product_cat-stolice","9":"product_cat-stuhle-drinnen","11":"first","12":"instock","13":"shipping-taxable","14":"purchasable","15":"product-type-simple"},"_links":{"self":[{"href":"https:\/\/www.stolicezaugostiteljstvo.hr\/de\/wp-json\/wp\/v2\/product\/22634","targetHints":{"allow":["GET"]}}],"collection":[{"href":"https:\/\/www.stolicezaugostiteljstvo.hr\/de\/wp-json\/wp\/v2\/product"}],"about":[{"href":"https:\/\/www.stolicezaugostiteljstvo.hr\/de\/wp-json\/wp\/v2\/types\/product"}],"wp:featuredmedia":[{"embeddable":true,"href":"https:\/\/www.stolicezaugostiteljstvo.hr\/de\/wp-json\/wp\/v2\/media\/19263"}],"wp:attachment":[{"href":"https:\/\/www.stolicezaugostiteljstvo.hr\/de\/wp-json\/wp\/v2\/media?parent=22634"}],"wp:term":[{"taxonomy":"product_brand","embeddable":true,"href":"https:\/\/www.stolicezaugostiteljstvo.hr\/de\/wp-json\/wp\/v2\/product_brand?post=22634"},{"taxonomy":"product_cat","embeddable":true,"href":"https:\/\/www.stolicezaugostiteljstvo.hr\/de\/wp-json\/wp\/v2\/product_cat?post=22634"},{"taxonomy":"product_tag","embeddable":true,"href":"https:\/\/www.stolicezaugostiteljstvo.hr\/de\/wp-json\/wp\/v2\/product_tag?post=22634"}],"curies":[{"name":"wp","href":"https:\/\/api.w.org\/{rel}","templated":true}]}}