{"id":22717,"date":"2025-08-02T08:29:59","date_gmt":"2025-08-02T08:29:59","guid":{"rendered":"https:\/\/www.stolicezaugostiteljstvo.hr\/proizvod\/tisch-t140-1022\/"},"modified":"2026-04-09T05:19:18","modified_gmt":"2026-04-09T05:19:18","slug":"tisch-t140-1022","status":"publish","type":"product","link":"https:\/\/www.stolicezaugostiteljstvo.hr\/de\/produkt\/tisch-t140-1022\/","title":{"rendered":"Tisch T140-1022"},"content":{"rendered":"","protected":false},"excerpt":{"rendered":"<div id=\"productOverview_feature_div\" class=\"celwidget\" data-feature-name=\"productOverview\" data-csa-c-type=\"widget\" data-csa-c-content-id=\"productOverview\" data-csa-c-slot-id=\"productOverview_feature_div\" data-csa-c-asin=\"B0F47Q4S31\" data-csa-c-is-in-initial-active-row=\"false\" data-csa-c-id=\"oz6det-lbfi1n-aj1wmg-x8brjx\" data-cel-widget=\"productOverview_feature_div\">\n<div class=\"a-section a-spacing-small a-spacing-top-small\">\n<table class=\"a-normal a-spacing-micro\" style=\"height: 336px\" role=\"list\" width=\"357\">\n<tbody>\n<tr class=\"a-spacing-small po-brand\" role=\"listitem\">\n<span class=\"a-size-base a-text-bold\"><strong><\/p>\n<td class=\"a-span3\" role=\"presentation\">Marke<\/td>\n<p><\/strong><\/span><\/p>\n<td class=\"a-span9\" role=\"presentation\">SANCREA by Polythrona<\/td>\n<\/tr>\n<tr class=\"a-spacing-small po-color\" role=\"listitem\">\n<td class=\"a-span3\" role=\"presentation\"><b>Plattenmaterial<\/b><\/td>\n<td class=\"a-span9\" role=\"presentation\">MASSIVHOLZ EICHE<\/td>\n<\/tr>\n<tr class=\"a-spacing-small po-material\" role=\"listitem\">\n<td class=\"a-span3\" role=\"presentation\"><strong>Konstruktion<\/strong><\/td>\n<td class=\"a-span9\" role=\"presentation\">Metallgestell<\/td>\n<\/tr>\n<tr class=\"a-spacing-small po-item_depth_width_height\" role=\"listitem\">\n&nbsp;<\/p>\n<td class=\"a-span3\" role=\"presentation\">\n<strong>Produktabmessungen<\/strong> (cm)<\/td>\n<p>&nbsp;<\/p>\n<td class=\"a-span9\" role=\"presentation\">Die Abmessungen werden nach Kundenwunsch gefertigt.<\/td>\n<\/tr>\n<tr class=\"a-spacing-small po-size\" role=\"listitem\">\n<td class=\"a-span3\" role=\"presentation\"><\/td>\n<td class=\"a-span9\" role=\"presentation\"><\/td>\n<\/tr>\n<\/tbody>\n<\/table>\n<\/div>\n<\/div>\n<div id=\"featurebullets_feature_div\" class=\"celwidget\" data-feature-name=\"featurebullets\" data-csa-c-type=\"widget\" data-csa-c-content-id=\"featurebullets\" data-csa-c-slot-id=\"featurebullets_feature_div\" data-csa-c-asin=\"B0F47Q4S31\" data-csa-c-is-in-initial-active-row=\"false\" data-csa-c-id=\"k2dw3u-xmngcu-cox7t2-xeeu1z\" data-cel-widget=\"featurebullets_feature_div\">\n<div id=\"feature-bullets\" class=\"a-section a-spacing-medium a-spacing-top-small\">\n<hr class=\"a-divider-normal\" aria-hidden=\"true\">\n<h2 class=\"a-size-base-plus a-text-bold\"><\/h2>\n<div id=\"productDetailsVoyagerAccordion_feature_div\" class=\"celwidget\" data-feature-name=\"productDetailsVoyagerAccordion\" data-csa-c-type=\"widget\" data-csa-c-content-id=\"productDetailsVoyagerAccordion\" data-csa-c-slot-id=\"productDetailsVoyagerAccordion_feature_div\" data-csa-c-asin=\"B0CKTG66BG\" data-csa-c-is-in-initial-active-row=\"false\" data-csa-c-id=\"zhuphs-yp0lh6-pqi62r-70ylbn\" data-cel-widget=\"productDetailsVoyagerAccordion_feature_div\">\n<p> Wir bieten eine gro\u00dfe Auswahl an Tischen, die in vielen verschiedenen Materialien erh\u00e4ltlich sind. Wir erm\u00f6glichen Ihnen die Auswahl aus einer breiten Palette von Gr\u00f6\u00dfen und Formen sowie verschiedenen Tischplatten und Tischgestellen. Das Design unserer Tische f\u00fcgt sich ideal in Ihren Raum ein, egal ob es sich um ein Restaurant, Caf\u00e9 oder B\u00fcro handelt \u2013 wir bieten die ideale L\u00f6sung.  <\/p>\n<\/div>\n<\/div>\n<\/div>\n","protected":false},"featured_media":20881,"template":"","meta":[],"product_brand":[],"product_cat":[552,562,498,455],"product_tag":[],"class_list":{"0":"post-22717","1":"product","2":"type-product","3":"status-publish","4":"has-post-thumbnail","6":"product_cat-indoor","7":"product_cat-tische-fur-den-innenbereich","9":"product_cat-stolovi-indoor","11":"first","12":"instock","13":"shipping-taxable","14":"purchasable","15":"product-type-simple"},"_links":{"self":[{"href":"https:\/\/www.stolicezaugostiteljstvo.hr\/de\/wp-json\/wp\/v2\/product\/22717","targetHints":{"allow":["GET"]}}],"collection":[{"href":"https:\/\/www.stolicezaugostiteljstvo.hr\/de\/wp-json\/wp\/v2\/product"}],"about":[{"href":"https:\/\/www.stolicezaugostiteljstvo.hr\/de\/wp-json\/wp\/v2\/types\/product"}],"wp:featuredmedia":[{"embeddable":true,"href":"https:\/\/www.stolicezaugostiteljstvo.hr\/de\/wp-json\/wp\/v2\/media\/20881"}],"wp:attachment":[{"href":"https:\/\/www.stolicezaugostiteljstvo.hr\/de\/wp-json\/wp\/v2\/media?parent=22717"}],"wp:term":[{"taxonomy":"product_brand","embeddable":true,"href":"https:\/\/www.stolicezaugostiteljstvo.hr\/de\/wp-json\/wp\/v2\/product_brand?post=22717"},{"taxonomy":"product_cat","embeddable":true,"href":"https:\/\/www.stolicezaugostiteljstvo.hr\/de\/wp-json\/wp\/v2\/product_cat?post=22717"},{"taxonomy":"product_tag","embeddable":true,"href":"https:\/\/www.stolicezaugostiteljstvo.hr\/de\/wp-json\/wp\/v2\/product_tag?post=22717"}],"curies":[{"name":"wp","href":"https:\/\/api.w.org\/{rel}","templated":true}]}}